{"id":4,"date":"2015-05-08T20:10:55","date_gmt":"2015-05-08T18:10:55","guid":{"rendered":"http:\/\/schacklidkoping.se\/?page_id=4"},"modified":"2021-08-14T15:03:25","modified_gmt":"2021-08-14T13:03:25","slug":"junior-schack","status":"publish","type":"page","link":"http:\/\/schacklidkoping.se\/?page_id=4","title":{"rendered":"UNGDOMSSCHACK"},"content":{"rendered":"<p><strong>Ungdomsledare:<br \/>\n<a href=\"http:\/\/schacklidkoping.se\/wp-content\/uploads\/2021\/08\/Jag2020.jpg\"><img srcset=\"http:\/\/schacklidkoping.se\/wp-content\/uploads\/2021\/08\/Jag2020-150x150.jpg 150w, http:\/\/schacklidkoping.se\/wp-content\/uploads\/2021\/08\/Jag2020-300x300.jpg 300w\" sizes=\"(min-width: 150px) 300px, 150px\" class=\"alignnone wp-image-5606 size-medium\" alt=\"\" width=\"300\" height=\"300\"><\/a><br \/>\n<\/strong>Peter Fransson\u00a0 Mobil: 0760 &#8211; 617 108<\/p>\n<p style=\"text-align: center;\">F\u00f6ljande tider g\u00e4ller f\u00f6r h\u00f6sts\u00e4songen (start 13 sept).<br \/>\n<strong><br \/>\nM\u00e5ndagar 17.00 &#8211; 19.00 <\/strong>(Nyb\u00f6rjare)<strong><br \/>\n<\/strong><strong>Tisdagar &amp; Onsdagar\u00a0 17.00 &#8211; 19.00\u00a0 \u00a0<\/strong><\/p>\n<p style=\"text-align: center;\">Paus f\u00f6r fika\u00a0<strong>kl. 17.50-18.00<\/strong>\u00a0direkt i anslutning till det<br \/>\nkommer en schack instruktion att h\u00e5llas p\u00e5 ca 15 min.<\/p>\n<p style=\"text-align: center;\">Avslutning f\u00f6r h\u00f6sts\u00e4songen:\u00a0 <strong>15 december kl. 18.00.<\/strong><\/p>\n<p style=\"text-align: center;\"><strong>V\u00c4LKOMNA!!<\/strong><\/p>\n<p style=\"text-align: center;\">\n<hr \/>\n<h5 style=\"text-align: center;\" align=\"CENTER\"><\/h5>\n<p style=\"text-align: center;\"><a href=\"http:\/\/schacklidkoping.se\/wp-content\/uploads\/2018\/09\/Medaljer.jpg\"><img srcset=\"http:\/\/schacklidkoping.se\/wp-content\/uploads\/2018\/09\/Medaljer-150x150.jpg 150w, http:\/\/schacklidkoping.se\/wp-content\/uploads\/2018\/09\/Medaljer.jpg 300w, http:\/\/schacklidkoping.se\/wp-content\/uploads\/2018\/09\/Medaljer-300x180.jpg 300w\" sizes=\"(min-width: 150px) 300px, 150px\" class=\"alignnone size-medium wp-image-5159\" alt=\"Medaljer\" width=\"300\" height=\"180\"><\/a><br \/>\nNu \u00e4r ungdomarnas medalj jakt tillg\u00e4nglig.<br \/>\nM\u00f6jlighet att r\u00e4kna tidigare utf\u00f6rda tr\u00e4ningsuppgifter.<\/p>\n<p style=\"text-align: center;\" align=\"CENTER\"><u><b>Po\u00e4ngber\u00e4kning f\u00f6r medalj \u2013 jakten!!<br \/>\n<\/b><\/u>\u201dSlutspelsserien\u201d<br \/>\n1. Matt med tv\u00e5 torn. <strong>50p<\/strong><br \/>\n2. Matt med dam. <strong>50p<\/strong><br \/>\n3. Matt med torn. <strong>50p<\/strong><br \/>\n4. Fribonde. <strong>50p<\/strong><br \/>\n5. Aktiv kung. <strong>50p<\/strong><br \/>\n6. Bondens gata. <strong>50p<\/strong><strong><u><br \/>\n<\/u><\/strong><\/p>\n<p style=\"text-align: center;\" align=\"LEFT\">\u201dP\u00e5 \u00e4ventyr i Schacklandet\u201d<br \/>\n1. Snigeln. <strong>50p<\/strong><br \/>\n2. Igelkotten. <strong>50p<\/strong><br \/>\n3. Schackegojan. <strong>50p<\/strong><br \/>\n4. Pingvinen. <strong>50p<\/strong><\/p>\n<p style=\"text-align: center;\">\u201dGABI\u00d6\u201d<br \/>\n1. Gr\u00f6na bladen. <strong>100p<\/strong><br \/>\n2. Gula bladen. <strong>100p<\/strong><br \/>\n3. R\u00f6da bladen. <strong>150p<\/strong><\/p>\n<p style=\"text-align: center;\">\u201dL\u00e4r dig schack\u201d<br \/>\n1. Steg 1 \u2013 <strong>100p<\/strong><br \/>\n2. Steg 2 \u2013 <strong>150p<\/strong><br \/>\n3. Steg 3 \u2013 <strong>150p<\/strong><br \/>\n4. Steg 4 \u2013 <strong>150p<\/strong><br \/>\n5. Steg 5 \u2013 <strong>150p<\/strong><\/p>\n<p style=\"text-align: center;\">\u201dTeknikm\u00e4rken\u201d<br \/>\n1. Bronsspringaren. <strong>100p<\/strong><br \/>\n2. Silverspringaren. <strong>150p<\/strong><br \/>\n3. Guldspringaren. \u00a0 <strong>200p<\/strong><\/p>\n<hr \/>\n","protected":false},"excerpt":{"rendered":"<p>Ungdomsledare: Peter Fransson\u00a0 Mobil: 0760 &#8211; 617 108 F\u00f6ljande tider g\u00e4ller f\u00f6r h\u00f6sts\u00e4songen (start 13 sept). M\u00e5ndagar 17.00 &#8211; 19.00 (Nyb\u00f6rjare) Tisdagar &amp; Onsdagar\u00a0 17.00 &#8211; 19.00\u00a0 \u00a0 Paus f\u00f6r fika\u00a0kl. 17.50-18.00\u00a0direkt i anslutning till det kommer en schack instruktion att h\u00e5llas p\u00e5 ca 15 min. Avslutning f\u00f6r h\u00f6sts\u00e4songen:\u00a0 15 december kl. 18.00. V\u00c4LKOMNA!! Nu &hellip; <a href=\"http:\/\/schacklidkoping.se\/?page_id=4\" class=\"more-link\">Forts\u00e4tt l\u00e4sa <span class=\"screen-reader-text\">UNGDOMSSCHACK<\/span> <span class=\"meta-nav\">&rarr;<\/span><\/a><\/p>\n","protected":false},"author":1,"featured_media":0,"parent":0,"menu_order":2,"comment_status":"open","ping_status":"open","template":"","meta":{"footnotes":""},"class_list":["post-4","page","type-page","status-publish","hentry"],"_links":{"self":[{"href":"http:\/\/schacklidkoping.se\/index.php?rest_route=\/wp\/v2\/pages\/4","targetHints":{"allow":["GET"]}}],"collection":[{"href":"http:\/\/schacklidkoping.se\/index.php?rest_route=\/wp\/v2\/pages"}],"about":[{"href":"http:\/\/schacklidkoping.se\/index.php?rest_route=\/wp\/v2\/types\/page"}],"author":[{"embeddable":true,"href":"http:\/\/schacklidkoping.se\/index.php?rest_route=\/wp\/v2\/users\/1"}],"replies":[{"embeddable":true,"href":"http:\/\/schacklidkoping.se\/index.php?rest_route=%2Fwp%2Fv2%2Fcomments&post=4"}],"version-history":[{"count":76,"href":"http:\/\/schacklidkoping.se\/index.php?rest_route=\/wp\/v2\/pages\/4\/revisions"}],"predecessor-version":[{"id":5609,"href":"http:\/\/schacklidkoping.se\/index.php?rest_route=\/wp\/v2\/pages\/4\/revisions\/5609"}],"wp:attachment":[{"href":"http:\/\/schacklidkoping.se\/index.php?rest_route=%2Fwp%2Fv2%2Fmedia&parent=4"}],"curies":[{"name":"wp","href":"https:\/\/api.w.org\/{rel}","templated":true}]}}