{"id":4373,"date":"2016-11-01T18:54:07","date_gmt":"2016-11-01T17:54:07","guid":{"rendered":"http:\/\/schacklidkoping.se\/?page_id=4373"},"modified":"2025-12-11T15:37:12","modified_gmt":"2025-12-11T14:37:12","slug":"traningstider","status":"publish","type":"page","link":"http:\/\/schacklidkoping.se\/?page_id=4373","title":{"rendered":"Tr\u00e4ningstider"},"content":{"rendered":"<p style=\"text-align: center;\">F\u00f6ljande tider g\u00e4ller f\u00f6r V\u00e5ren 2026<\/p>\n<p style=\"text-align: center;\">Vi startar den 13 januari 2026<br \/>\n<strong><br \/>\n<\/strong><strong>Tisdagar\u00a0 \u00a017.00 \u2013 18.30\u00a0 (Steg 1)<br \/>\nOnsdagar 17.00 \u2013 18.30\u00a0 (Steg 1)<br \/>\nTorsdagar 16.30 &#8211; 18.00\u00a0 \u00a0(Elit)\u00a0 \u00a0 \u00a0\u00a0<\/strong><\/p>\n<p style=\"text-align: center;\">Varje tr\u00e4ning har vi en fika paus p\u00e5 ca 10 min<\/p>\n<p style=\"text-align: center;\"><strong>V\u00c4LKOMNA!!<\/strong><\/p>\n<p style=\"text-align: center;\">Peter Fransson (Mobil: 0739-277677)<\/p>\n","protected":false},"excerpt":{"rendered":"<p>F\u00f6ljande tider g\u00e4ller f\u00f6r V\u00e5ren 2026 Vi startar den 13 januari 2026 Tisdagar\u00a0 \u00a017.00 \u2013 18.30\u00a0 (Steg 1) Onsdagar 17.00 \u2013 18.30\u00a0 (Steg 1) Torsdagar 16.30 &#8211; 18.00\u00a0 \u00a0(Elit)\u00a0 \u00a0 \u00a0\u00a0 Varje tr\u00e4ning har vi en fika paus p\u00e5 ca 10 min V\u00c4LKOMNA!! Peter Fransson (Mobil: 0739-277677)<\/p>\n","protected":false},"author":6,"featured_media":0,"parent":4,"menu_order":2,"comment_status":"closed","ping_status":"closed","template":"","meta":{"footnotes":""},"class_list":["post-4373","page","type-page","status-publish","hentry"],"_links":{"self":[{"href":"http:\/\/schacklidkoping.se\/index.php?rest_route=\/wp\/v2\/pages\/4373","targetHints":{"allow":["GET"]}}],"collection":[{"href":"http:\/\/schacklidkoping.se\/index.php?rest_route=\/wp\/v2\/pages"}],"about":[{"href":"http:\/\/schacklidkoping.se\/index.php?rest_route=\/wp\/v2\/types\/page"}],"author":[{"embeddable":true,"href":"http:\/\/schacklidkoping.se\/index.php?rest_route=\/wp\/v2\/users\/6"}],"replies":[{"embeddable":true,"href":"http:\/\/schacklidkoping.se\/index.php?rest_route=%2Fwp%2Fv2%2Fcomments&post=4373"}],"version-history":[{"count":17,"href":"http:\/\/schacklidkoping.se\/index.php?rest_route=\/wp\/v2\/pages\/4373\/revisions"}],"predecessor-version":[{"id":5870,"href":"http:\/\/schacklidkoping.se\/index.php?rest_route=\/wp\/v2\/pages\/4373\/revisions\/5870"}],"up":[{"embeddable":true,"href":"http:\/\/schacklidkoping.se\/index.php?rest_route=\/wp\/v2\/pages\/4"}],"wp:attachment":[{"href":"http:\/\/schacklidkoping.se\/index.php?rest_route=%2Fwp%2Fv2%2Fmedia&parent=4373"}],"curies":[{"name":"wp","href":"https:\/\/api.w.org\/{rel}","templated":true}]}}